{"id":343,"date":"2026-05-14T23:17:33","date_gmt":"2026-05-14T21:17:33","guid":{"rendered":"https:\/\/elinorspelen.sharpmedia.se\/?page_id=343"},"modified":"2026-05-17T16:50:01","modified_gmt":"2026-05-17T14:50:01","slug":"bli-medlem","status":"publish","type":"page","link":"https:\/\/elinorspelen.sharpmedia.se\/?page_id=343","title":{"rendered":"Bli medlem"},"content":{"rendered":"\t\t<div data-elementor-type=\"wp-page\" data-elementor-id=\"343\" class=\"elementor elementor-343\" data-elementor-post-type=\"page\">\n\t\t\t\t<div class=\"elementor-element elementor-element-48e1849 e-con-full e-flex e-con e-parent\" data-id=\"48e1849\" data-element_type=\"container\" data-e-type=\"container\" data-settings=\"{&quot;background_background&quot;:&quot;classic&quot;}\">\n\t\t<div class=\"elementor-element elementor-element-ebdffe1 e-con-full e-flex e-con e-child\" data-id=\"ebdffe1\" data-element_type=\"container\" data-e-type=\"container\">\n\t\t\t\t<div class=\"elementor-element elementor-element-3c9b12c elementor-widget elementor-widget-heading\" data-id=\"3c9b12c\" data-element_type=\"widget\" data-e-type=\"widget\" data-widget_type=\"heading.default\">\n\t\t\t\t\t<p class=\"elementor-heading-title elementor-size-default\">Engagera dig<\/p>\t\t\t\t<\/div>\n\t\t\t\t<div class=\"elementor-element elementor-element-a5db8b4 elementor-widget elementor-widget-heading\" data-id=\"a5db8b4\" data-element_type=\"widget\" data-e-type=\"widget\" data-widget_type=\"heading.default\">\n\t\t\t\t\t<h1 class=\"elementor-heading-title elementor-size-default\">Bli medlem<\/h1>\t\t\t\t<\/div>\n\t\t\t\t<\/div>\n\t\t\t\t<\/div>\n\t\t<div class=\"elementor-element elementor-element-5e17150 e-con-full e-flex e-con e-parent\" data-id=\"5e17150\" data-element_type=\"container\" data-e-type=\"container\" data-settings=\"{&quot;background_background&quot;:&quot;classic&quot;}\">\n\t\t\t\t\t\t\t<h2 \n\t\tdata-interaction-id=\"17bb321\" \n\t\tclass=\"about-heading e-heading-base\" \n\t\t \n\t\tdata-e-type=\"widget\" data-id=\"17bb321\"\n\t>\n\t\n\t\t\tBli medlem i f\u00f6reningen\n\t\t<\/h2>\n\t\t\t\t<div class=\"elementor-element elementor-element-5540bfa elementor-widget elementor-widget-text-editor\" data-id=\"5540bfa\" data-element_type=\"widget\" data-e-type=\"widget\" data-widget_type=\"text-editor.default\">\n\t\t\t\t\t\t\t\t\t<p>Vill du bli en av oss och vara med och skapa framtida Elinorspel? Som medlem st\u00f6ttar du f\u00f6reningen och kan ocks\u00e5 engagera dig i arrangemangsgruppen om du vill. F\u00f6rutom fler funktion\u00e4rer s\u00f6ker vi ocks\u00e5 dig som bara vill vara medlem. Fyll i medlemsblanketten s\u00e5 h\u00f6r vi av oss vidare. Medlemskapet g\u00e4ller tills vidare och inneb\u00e4r inga krav p\u00e5 arbetsinsats. Du v\u00e4ljer sj\u00e4lv hur n\u00e4ra du vill st\u00e5 f\u00f6reningens arbete.<\/p>\t\t\t\t\t\t\t\t<\/div>\n\t\t<div class=\"elementor-element elementor-element-7fb0a05 e-con-full e-flex e-con e-child\" data-id=\"7fb0a05\" data-element_type=\"container\" data-e-type=\"container\" data-settings=\"{&quot;background_background&quot;:&quot;classic&quot;}\">\n\t\t\t\t<div class=\"elementor-element elementor-element-0235ee1 elementor-widget elementor-widget-text-editor\" data-id=\"0235ee1\" data-element_type=\"widget\" data-e-type=\"widget\" data-widget_type=\"text-editor.default\">\n\t\t\t\t\t\t\t\t\t<p><strong>Ans\u00f6k h\u00e4r<\/strong><\/p><h3>Skicka in medlemsanm\u00e4lan<\/h3>\t\t\t\t\t\t\t\t<\/div>\n\t\t\t\t<div class=\"elementor-element elementor-element-8d77b88 elementor-widget elementor-widget-html\" data-id=\"8d77b88\" data-element_type=\"widget\" data-e-type=\"widget\" data-widget_type=\"html.default\">\n\t\t\t\t\t<iframe src=\"https:\/\/docs.google.com\/forms\/d\/e\/1FAIpQLSehWBWVc7K_81qWnRSx_tU-LoVFrLpEl1N4B3DaqGD652SLPQ\/viewform?hl=sv&formkey=dDRvMERqenVVZ2o4Z2ZmV1FGd01sTnc6MQ\" width=\"100%\" height=\"1400\" frameborder=\"0\" marginheight=\"0\" marginwidth=\"0\">L\u00e4ser in formul\u00e4r\u2026<\/iframe>\t\t\t\t<\/div>\n\t\t\t\t<\/div>\n\t\t\t\t\t\t\t<h3 \n\t\tdata-interaction-id=\"d7bdc86\" \n\t\tclass=\"about-heading e-heading-base\" \n\t\t \n\t\tdata-e-type=\"widget\" data-id=\"d7bdc86\"\n\t>\n\t\n\t\t\tKontakt\n\t\t<\/h3>\n\t\t\t\t<div class=\"elementor-element elementor-element-f862d99 elementor-widget elementor-widget-text-editor\" data-id=\"f862d99\" data-element_type=\"widget\" data-e-type=\"widget\" data-widget_type=\"text-editor.default\">\n\t\t\t\t\t\t\t\t\t<p>Om du hellre vill st\u00e4lla fr\u00e5gor f\u00f6rst g\u00e5r det bra att mejla f\u00f6reningen. <br \/>Mejla till <strong>info@elinorspelen.se<\/strong> om du vill veta mer om medlemskap eller hj\u00e4lpa till praktiskt.<\/p>\t\t\t\t\t\t\t\t<\/div>\n\t\t\t\t<\/div>\n\t\t\t\t<\/div>\n\t\t","protected":false},"excerpt":{"rendered":"<p>Engagera dig Bli medlem Bli medlem i f\u00f6reningen Vill du bli en av oss och vara med och skapa framtida Elinorspel? Som&hellip;<\/p>\n","protected":false},"author":1,"featured_media":0,"parent":331,"menu_order":3,"comment_status":"closed","ping_status":"closed","template":"","meta":{"_acf_changed":false,"footnotes":""},"class_list":["post-343","page","type-page","status-publish","hentry"],"acf":[],"_links":{"self":[{"href":"https:\/\/elinorspelen.sharpmedia.se\/index.php?rest_route=\/wp\/v2\/pages\/343","targetHints":{"allow":["GET"]}}],"collection":[{"href":"https:\/\/elinorspelen.sharpmedia.se\/index.php?rest_route=\/wp\/v2\/pages"}],"about":[{"href":"https:\/\/elinorspelen.sharpmedia.se\/index.php?rest_route=\/wp\/v2\/types\/page"}],"author":[{"embeddable":true,"href":"https:\/\/elinorspelen.sharpmedia.se\/index.php?rest_route=\/wp\/v2\/users\/1"}],"replies":[{"embeddable":true,"href":"https:\/\/elinorspelen.sharpmedia.se\/index.php?rest_route=%2Fwp%2Fv2%2Fcomments&post=343"}],"version-history":[{"count":0,"href":"https:\/\/elinorspelen.sharpmedia.se\/index.php?rest_route=\/wp\/v2\/pages\/343\/revisions"}],"up":[{"embeddable":true,"href":"https:\/\/elinorspelen.sharpmedia.se\/index.php?rest_route=\/wp\/v2\/pages\/331"}],"wp:attachment":[{"href":"https:\/\/elinorspelen.sharpmedia.se\/index.php?rest_route=%2Fwp%2Fv2%2Fmedia&parent=343"}],"curies":[{"name":"wp","href":"https:\/\/api.w.org\/{rel}","templated":true}]}}