{"id":342,"date":"2026-05-14T23:17:33","date_gmt":"2026-05-14T21:17:33","guid":{"rendered":"https:\/\/elinorspelen.sharpmedia.se\/?page_id=342"},"modified":"2026-05-16T18:41:06","modified_gmt":"2026-05-16T16:41:06","slug":"lag-som-vunnit","status":"publish","type":"page","link":"https:\/\/elinorspelen.sharpmedia.se\/?page_id=342","title":{"rendered":"Lag som vunnit"},"content":{"rendered":"\t\t<div data-elementor-type=\"wp-page\" data-elementor-id=\"342\" class=\"elementor elementor-342\" data-elementor-post-type=\"page\">\n\t\t\t\t<div class=\"elementor-element elementor-element-fe64179 e-con-full e-flex e-con e-parent\" data-id=\"fe64179\" data-element_type=\"container\" data-e-type=\"container\" data-settings=\"{&quot;background_background&quot;:&quot;classic&quot;}\">\n\t\t<div class=\"elementor-element elementor-element-5a369be e-con-full e-flex e-con e-child\" data-id=\"5a369be\" data-element_type=\"container\" data-e-type=\"container\">\n\t\t\t\t<div class=\"elementor-element elementor-element-520a861 elementor-widget elementor-widget-heading\" data-id=\"520a861\" data-element_type=\"widget\" data-e-type=\"widget\" data-widget_type=\"heading.default\">\n\t\t\t\t\t<p class=\"elementor-heading-title elementor-size-default\">Historia<\/p>\t\t\t\t<\/div>\n\t\t\t\t<div class=\"elementor-element elementor-element-21043f3 elementor-widget elementor-widget-heading\" data-id=\"21043f3\" data-element_type=\"widget\" data-e-type=\"widget\" data-widget_type=\"heading.default\">\n\t\t\t\t\t<h1 class=\"elementor-heading-title elementor-size-default\">Lag som vunnit<\/h1>\t\t\t\t<\/div>\n\t\t\t\t<\/div>\n\t\t\t\t<\/div>\n\t\t<div class=\"elementor-element elementor-element-9e6f319 e-flex e-con-full e-con e-parent\" data-id=\"9e6f319\" data-element_type=\"container\" data-e-type=\"container\" data-settings=\"{&quot;background_background&quot;:&quot;classic&quot;}\">\n\t\t\t\t\t\t\t<h2 \n\t\tdata-interaction-id=\"a53b51d\" \n\t\tclass=\"about-heading e-heading-base\" \n\t\t \n\t\tdata-e-type=\"widget\" data-id=\"a53b51d\"\n\t>\n\t\n\t\t\tLag som vunnit\n\t\t<\/h2>\n\t\t\t\t\t\t\t<h3 \n\t\tdata-interaction-id=\"8ac2c57\" \n\t\tclass=\"about-heading e-heading-base\" \n\t\t \n\t\tdata-e-type=\"widget\" data-id=\"8ac2c57\"\n\t>\n\t\n\t\t\tFotboll\n\t\t<\/h3>\n\t\t\t\t\t\t\t\t<p class=\"about-body e-paragraph-base\" data-interaction-id=\"341577f\"  data-e-type=\"widget\" data-id=\"341577f\">\n\t\t\t\t\t\t\t\tFestivalen 2021 \u2013 Nils och v\u00e4nnerna\nFestivalen 2020 \u2013 Team Astra\nFestivalen 2018 \u2013 Sk\u00e4lebacken FC\nFestivalen 2017 \u2013 En fisk\nFestivalen 2016 \u2013 Anner\u00f6d\nFestivalen 2015 \u2013 En fisk\nFestivalen 2014 \u2013 En fisk\nFestivalen 2013 \u2013 \u00c4nda in i Kaklet\nFestivalen 2012 \u2013 Full Speed Sex Machine\nFestivalen 2011 \u2013 \u00c4nda in i Kaklet\nFestivalen 2010 \u2013 Team Kristian\n\t\t\t\t\t<\/p>\n\t\t\t\t\t\t\t<h3 \n\t\tdata-interaction-id=\"73f59bd\" \n\t\tclass=\"about-heading e-heading-base\" \n\t\t \n\t\tdata-e-type=\"widget\" data-id=\"73f59bd\"\n\t>\n\t\n\t\t\tBeachvolleyboll\n\t\t<\/h3>\n\t\t\t\t\t\t\t\t<p class=\"about-body e-paragraph-base\" data-interaction-id=\"bff4c39\"  data-e-type=\"widget\" data-id=\"bff4c39\">\n\t\t\t\t\t\t\t\tFestivalen 2024 \u2013 Team Oklart\nFestivalen 2023 \u2013 Davids Diplomater\nFestivalen 2022 \u2013 Norrland\nFestivalen 2021 \u2013 Nilz\nFestivalen 2020 \u2013 The virus takes us all\nFestivalen 2019 \u2013 Grish G\u00e4ng\nFestivalen 2018 \u2013 Mattias Meloner\nFestival 2017 \u2013 Bj\u00f6rns Bananer\nFestival 2016 \u2013 The winner takes it all\nFestival 2015 \u2013 The Void\nFestival 2014 \u2013 De tre kusinerna & Peter\nKick-off 2014 \u2013 Tre av fyra\nFestival 2013 \u2013 Ska en ska alla\nKick-off 2013 \u2013 Robbans sv\u00e4ng g\u00e4ng\nFestivalen 2012 \u2013 Slimbob & Showgirl feat\nFestivalen 2011 \u2013 Death from Above\nFestivalen 2010 \u2013 Team Kristian\n\t\t\t\t\t<\/p>\n\t\t\t\t\t\t\t<h3 \n\t\tdata-interaction-id=\"6a7a942\" \n\t\tclass=\"about-heading e-heading-base\" \n\t\t \n\t\tdata-e-type=\"widget\" data-id=\"6a7a942\"\n\t>\n\t\n\t\t\t\u00d6ppna bohusl\u00e4nska m\u00e4sterskapen i krocket\n\t\t<\/h3>\n\t\t\t\t\t\t\t\t<p class=\"about-body e-paragraph-base\" data-interaction-id=\"ce786e3\"  data-e-type=\"widget\" data-id=\"ce786e3\">\n\t\t\t\t\t\t\t\tFestivalen 2024 \u2013 Marcus Flyg\u00e5rd\nFestivalen 2023 \u2013 Gunnar Hermann\nFestivalen 2022 \u2013 Girish Framvik\nFestivalen 2021 \u2013 David Sk\u00e4leg\u00e5rd\nFestivalen 2020 \u2013 Lisa Hallengren\nFestivalen 2019 \u2013 Louise Stax\u00e4ng\nFestivalen 2018 \u2013 Rebecka Sandberg\nFestivalen 2017 \u2013 Nicklas G\u00f6thberg\nFestivalen 2016 \u2013 Nicklas G\u00f6thberg\nFestivalen 2015 \u2013 Robert Johannesson\nFestivalen 2014 \u2013 Girish Framvik\nFestivalen 2013 \u2013 David Sk\u00e4leg\u00e5rd\n\t\t\t\t\t<\/p>\n\t\t\t\t\t\t\t<h3 \n\t\tdata-interaction-id=\"810fd19\" \n\t\tclass=\"about-heading e-heading-base\" \n\t\t \n\t\tdata-e-type=\"widget\" data-id=\"810fd19\"\n\t>\n\t\n\t\t\tMusikquiz\n\t\t<\/h3>\n\t\t\t\t\t\t\t\t<p class=\"about-body e-paragraph-base\" data-interaction-id=\"f5965ea\"  data-e-type=\"widget\" data-id=\"f5965ea\">\n\t\t\t\t\t\t\t\tFestivalen 2024 \u2013 Kusinerna\nFestivalen 2023 \u2013 Therese och Robert\nFestivalen 2022 \u2013 Miraklet fr\u00e5n G\u00f6teborg\nFestivalen 2021 \u2013 Vi hade i alla fall tur med mj\u00f6lken\nFestivalen 2020 \u2013 Viruspojkarna\nFestivalen 2019 \u2013 De tre v\u00e4nnerna och Philip\nFestivalen 2018 \u2013 Ordning och reda\nFestivalen 2017 \u2013 Ordning och reda\nFestivalen 2016 \u2013 Ordning och reda\nFestivalen 2015 \u2013 Ordning och reda\n\t\t\t\t\t<\/p>\n\t\t\t\t\t\t\t<h3 \n\t\tdata-interaction-id=\"c41ec06\" \n\t\tclass=\"about-heading e-heading-base\" \n\t\t \n\t\tdata-e-type=\"widget\" data-id=\"c41ec06\"\n\t>\n\t\n\t\t\tIntrot\u00e4vling\n\t\t<\/h3>\n\t\t\t\t\t\t\t\t<p class=\"about-body e-paragraph-base\" data-interaction-id=\"6a151fc\"  data-e-type=\"widget\" data-id=\"6a151fc\">\n\t\t\t\t\t\t\t\tFestivalen 2018 \u2013 Team Token\nFestivalen 2017 \u2013 Sara & Sara\nFestivalen 2016 \u2013 Tommy Giebat\nFestivalen 2015 \u2013 Johan Samuelsson\nFestivalen 2014 \u2013 Conny Hadders\nFestivalen 2013 \u2013 Conny Hadders\n\t\t\t\t\t<\/p>\n\t\t\t\t\t\t\t<h3 \n\t\tdata-interaction-id=\"9f5543e\" \n\t\tclass=\"about-heading e-heading-base\" \n\t\t \n\t\tdata-e-type=\"widget\" data-id=\"9f5543e\"\n\t>\n\t\n\t\t\tL\u00e5tskrivart\u00e4vling\n\t\t<\/h3>\n\t\t\t\t\t\t\t\t<p class=\"about-body e-paragraph-base\" data-interaction-id=\"6421c83\"  data-e-type=\"widget\" data-id=\"6421c83\">\n\t\t\t\t\t\t\t\tFestivalen 2022 \u2013 Johan och Oscar\n\t\t\t\t\t<\/p>\n\t\t\t\t<\/div>\n\t\t\t\t<\/div>\n\t\t","protected":false},"excerpt":{"rendered":"<p>Historia Lag som vunnit Lag som vunnit Fotboll Skriv ditt stycke h\u00e4r Beachvolleyboll Skriv ditt stycke h\u00e4r \u00d6ppna bohusl\u00e4nska m\u00e4sterskapen i krocket&hellip;<\/p>\n","protected":false},"author":1,"featured_media":0,"parent":331,"menu_order":2,"comment_status":"closed","ping_status":"closed","template":"","meta":{"_acf_changed":false,"footnotes":""},"class_list":["post-342","page","type-page","status-publish","hentry"],"acf":[],"_links":{"self":[{"href":"https:\/\/elinorspelen.sharpmedia.se\/index.php?rest_route=\/wp\/v2\/pages\/342","targetHints":{"allow":["GET"]}}],"collection":[{"href":"https:\/\/elinorspelen.sharpmedia.se\/index.php?rest_route=\/wp\/v2\/pages"}],"about":[{"href":"https:\/\/elinorspelen.sharpmedia.se\/index.php?rest_route=\/wp\/v2\/types\/page"}],"author":[{"embeddable":true,"href":"https:\/\/elinorspelen.sharpmedia.se\/index.php?rest_route=\/wp\/v2\/users\/1"}],"replies":[{"embeddable":true,"href":"https:\/\/elinorspelen.sharpmedia.se\/index.php?rest_route=%2Fwp%2Fv2%2Fcomments&post=342"}],"version-history":[{"count":0,"href":"https:\/\/elinorspelen.sharpmedia.se\/index.php?rest_route=\/wp\/v2\/pages\/342\/revisions"}],"up":[{"embeddable":true,"href":"https:\/\/elinorspelen.sharpmedia.se\/index.php?rest_route=\/wp\/v2\/pages\/331"}],"wp:attachment":[{"href":"https:\/\/elinorspelen.sharpmedia.se\/index.php?rest_route=%2Fwp%2Fv2%2Fmedia&parent=342"}],"curies":[{"name":"wp","href":"https:\/\/api.w.org\/{rel}","templated":true}]}}