{"id":340,"date":"2026-05-14T23:17:33","date_gmt":"2026-05-14T21:17:33","guid":{"rendered":"https:\/\/elinorspelen.sharpmedia.se\/?page_id=340"},"modified":"2026-05-16T19:52:09","modified_gmt":"2026-05-16T17:52:09","slug":"tillganglighet","status":"publish","type":"page","link":"https:\/\/elinorspelen.sharpmedia.se\/?page_id=340","title":{"rendered":"Tillg\u00e4nglighet"},"content":{"rendered":"\t\t<div data-elementor-type=\"wp-page\" data-elementor-id=\"340\" class=\"elementor elementor-340\" data-elementor-post-type=\"page\">\n\t\t\t\t<div class=\"elementor-element elementor-element-350d756 e-con-full e-flex e-con e-parent\" data-id=\"350d756\" data-element_type=\"container\" data-e-type=\"container\" data-settings=\"{&quot;background_background&quot;:&quot;classic&quot;}\">\n\t\t<div class=\"elementor-element elementor-element-d11f6cb e-con-full e-flex e-con e-child\" data-id=\"d11f6cb\" data-element_type=\"container\" data-e-type=\"container\">\n\t\t\t\t<div class=\"elementor-element elementor-element-a9e2d8c elementor-widget elementor-widget-heading\" data-id=\"a9e2d8c\" data-element_type=\"widget\" data-e-type=\"widget\" data-widget_type=\"heading.default\">\n\t\t\t\t\t<p class=\"elementor-heading-title elementor-size-default\">Tillg\u00e4ngligt<\/p>\t\t\t\t<\/div>\n\t\t\t\t<div class=\"elementor-element elementor-element-f8efc4d elementor-widget elementor-widget-heading\" data-id=\"f8efc4d\" data-element_type=\"widget\" data-e-type=\"widget\" data-widget_type=\"heading.default\">\n\t\t\t\t\t<h1 class=\"elementor-heading-title elementor-size-default\">Tillg\u00e4nglighet<\/h1>\t\t\t\t<\/div>\n\t\t\t\t<\/div>\n\t\t\t\t<\/div>\n\t\t<div class=\"elementor-element elementor-element-6140d13 e-flex e-con-full e-con e-parent\" data-id=\"6140d13\" data-element_type=\"container\" data-e-type=\"container\" data-settings=\"{&quot;background_background&quot;:&quot;classic&quot;}\">\n\t\t\t\t\t\t\t<h2 \n\t\tdata-interaction-id=\"73f60fd\" \n\t\tclass=\"about-heading e-heading-base\" \n\t\t \n\t\tdata-e-type=\"widget\" data-id=\"73f60fd\"\n\t>\n\t\n\t\t\tTillg\u00e4nglighet\n\t\t<\/h2>\n\t\t\t\t\t\t\t<h3 \n\t\tdata-interaction-id=\"8ece943\" \n\t\tclass=\"about-heading e-heading-base\" \n\t\t \n\t\tdata-e-type=\"widget\" data-id=\"8ece943\"\n\t>\n\t\n\t\t\tParkering\n\t\t<\/h3>\n\t\t\t\t\t\t\t\t<p class=\"about-body e-paragraph-base\" data-interaction-id=\"a3239e5\"  data-e-type=\"widget\" data-id=\"a3239e5\">\n\t\t\t\t\t\t\t\tFri parkering finns i n\u00e4ra anslutning till festivalomr\u00e5det.\n\t\t\t\t\t<\/p>\n\t\t\t\t\t\t\t<h3 \n\t\tdata-interaction-id=\"95f79e9\" \n\t\tclass=\"about-heading e-heading-base\" \n\t\t \n\t\tdata-e-type=\"widget\" data-id=\"95f79e9\"\n\t>\n\t\n\t\t\tLjud\n\t\t<\/h3>\n\t\t\t\t\t\t\t\t<p class=\"about-body e-paragraph-base\" data-interaction-id=\"ec72da4\"  data-e-type=\"widget\" data-id=\"ec72da4\">\n\t\t\t\t\t\t\t\tTyv\u00e4rr saknas ljudslinga p\u00e5 Elinorspelen men i regel \u00e4r det starkt klart ljud p\u00e5 konserterna. Vi rekommenderar att anv\u00e4nda \u00f6ronproppar.\n\t\t\t\t\t<\/p>\n\t\t\t\t\t\t\t<h3 \n\t\tdata-interaction-id=\"4c876ec\" \n\t\tclass=\"about-heading e-heading-base\" \n\t\t \n\t\tdata-e-type=\"widget\" data-id=\"4c876ec\"\n\t>\n\t\n\t\t\tSyntolkning\n\t\t<\/h3>\n\t\t\t\t\t\t\t\t<p class=\"about-body e-paragraph-base\" data-interaction-id=\"0d195e9\"  data-e-type=\"widget\" data-id=\"0d195e9\">\n\t\t\t\t\t\t\t\tDessv\u00e4rre finns inte syntolkning f\u00f6r den information som finns uppsatt men vi hj\u00e4lper g\u00e4rna till att l\u00e4sa och visa runt p\u00e5 omr\u00e5det som \u00e4r litet och l\u00e4ttnavigerat.\n\t\t\t\t\t<\/p>\n\t\t\t\t\t\t\t<h3 \n\t\tdata-interaction-id=\"7b9e234\" \n\t\tclass=\"about-heading e-heading-base\" \n\t\t \n\t\tdata-e-type=\"widget\" data-id=\"7b9e234\"\n\t>\n\t\n\t\t\tTeckentolkning\n\t\t<\/h3>\n\t\t\t\t\t\t\t\t<p class=\"about-body e-paragraph-base\" data-interaction-id=\"b0be0fc\"  data-e-type=\"widget\" data-id=\"b0be0fc\">\n\t\t\t\t\t\t\t\tVi kan tyv\u00e4rr inte erbjuda teckentolkning f\u00f6r framtr\u00e4danden.\n\t\t\t\t\t<\/p>\n\t\t\t\t\t\t\t<h3 \n\t\tdata-interaction-id=\"68f05bb\" \n\t\tclass=\"about-heading e-heading-base\" \n\t\t \n\t\tdata-e-type=\"widget\" data-id=\"68f05bb\"\n\t>\n\t\n\t\t\tFysisk tillg\u00e4nglighet\n\t\t<\/h3>\n\t\t\t\t\t\t\t\t<p class=\"about-body e-paragraph-base\" data-interaction-id=\"b523b7d\"  data-e-type=\"widget\" data-id=\"b523b7d\">\n\t\t\t\t\t\t\t\tFestivalomr\u00e5det best\u00e5r fr\u00e4mst av en g\u00e5rdsplan, Ladan och Magasinet. P\u00e5 g\u00e5rdsplanen och i Ladan \u00e4r den fysiska tillg\u00e4ngligheten mycket god. Till Magasinet \u00e4r det en kort trappa utan hiss.\n\t\t\t\t\t<\/p>\n\t\t\t\t\t\t\t<h3 \n\t\tdata-interaction-id=\"32d863f\" \n\t\tclass=\"about-heading e-heading-base\" \n\t\t \n\t\tdata-e-type=\"widget\" data-id=\"32d863f\"\n\t>\n\t\n\t\t\tDoft och ljus\n\t\t<\/h3>\n\t\t\t\t\t\t\t\t<p class=\"about-body e-paragraph-base\" data-interaction-id=\"df08251\"  data-e-type=\"widget\" data-id=\"df08251\">\n\t\t\t\t\t\t\t\tP\u00e5 Elinorspelen har vi inte stark doft eller kraftigt blinkande ljus.\n\t\t\t\t\t<\/p>\n\t\t\t\t\t\t\t<h3 \n\t\tdata-interaction-id=\"1389944\" \n\t\tclass=\"about-heading e-heading-base\" \n\t\t \n\t\tdata-e-type=\"widget\" data-id=\"1389944\"\n\t>\n\t\n\t\t\tFr\u00e5gor och upplysningar\n\t\t<\/h3>\n\t\t\t\t\t\t\t\t<p class=\"about-body e-paragraph-base\" data-interaction-id=\"4a567d3\"  data-e-type=\"widget\" data-id=\"4a567d3\">\n\t\t\t\t\t\t\t\tTveka inte att maila info@elinorspelen.se eller ringa Robert Helmbro p\u00e5 070 686 9579 vid fr\u00e5gor eller kommentarer.\n\t\t\t\t\t<\/p>\n\t\t\t\t<\/div>\n\t\t\t\t<\/div>\n\t\t","protected":false},"excerpt":{"rendered":"<p>Tillg\u00e4ngligt Tillg\u00e4nglighet Tillg\u00e4nglighet Parkering Fri parkering finns i n\u00e4ra anslutning till festivalomr\u00e5det. Ljud Tyv\u00e4rr saknas ljudslinga p\u00e5 Elinorspelen men i regel \u00e4r&hellip;<\/p>\n","protected":false},"author":1,"featured_media":0,"parent":330,"menu_order":8,"comment_status":"closed","ping_status":"closed","template":"","meta":{"_acf_changed":false,"footnotes":""},"class_list":["post-340","page","type-page","status-publish","hentry"],"acf":[],"_links":{"self":[{"href":"https:\/\/elinorspelen.sharpmedia.se\/index.php?rest_route=\/wp\/v2\/pages\/340","targetHints":{"allow":["GET"]}}],"collection":[{"href":"https:\/\/elinorspelen.sharpmedia.se\/index.php?rest_route=\/wp\/v2\/pages"}],"about":[{"href":"https:\/\/elinorspelen.sharpmedia.se\/index.php?rest_route=\/wp\/v2\/types\/page"}],"author":[{"embeddable":true,"href":"https:\/\/elinorspelen.sharpmedia.se\/index.php?rest_route=\/wp\/v2\/users\/1"}],"replies":[{"embeddable":true,"href":"https:\/\/elinorspelen.sharpmedia.se\/index.php?rest_route=%2Fwp%2Fv2%2Fcomments&post=340"}],"version-history":[{"count":0,"href":"https:\/\/elinorspelen.sharpmedia.se\/index.php?rest_route=\/wp\/v2\/pages\/340\/revisions"}],"up":[{"embeddable":true,"href":"https:\/\/elinorspelen.sharpmedia.se\/index.php?rest_route=\/wp\/v2\/pages\/330"}],"wp:attachment":[{"href":"https:\/\/elinorspelen.sharpmedia.se\/index.php?rest_route=%2Fwp%2Fv2%2Fmedia&parent=340"}],"curies":[{"name":"wp","href":"https:\/\/api.w.org\/{rel}","templated":true}]}}