{"id":339,"date":"2026-05-14T23:17:33","date_gmt":"2026-05-14T21:17:33","guid":{"rendered":"https:\/\/elinorspelen.sharpmedia.se\/?page_id=339"},"modified":"2026-05-16T19:52:09","modified_gmt":"2026-05-16T17:52:09","slug":"info","status":"publish","type":"page","link":"https:\/\/elinorspelen.sharpmedia.se\/?page_id=339","title":{"rendered":"Info"},"content":{"rendered":"\t\t<div data-elementor-type=\"wp-page\" data-elementor-id=\"339\" class=\"elementor elementor-339\" data-elementor-post-type=\"page\">\n\t\t\t\t<div class=\"elementor-element elementor-element-9154524 e-con-full e-flex e-con e-parent\" data-id=\"9154524\" data-element_type=\"container\" data-e-type=\"container\" data-settings=\"{&quot;background_background&quot;:&quot;classic&quot;}\">\n\t\t<div class=\"elementor-element elementor-element-f1bcbeb e-con-full e-flex e-con e-child\" data-id=\"f1bcbeb\" data-element_type=\"container\" data-e-type=\"container\">\n\t\t\t\t<div class=\"elementor-element elementor-element-3da3539 elementor-widget elementor-widget-heading\" data-id=\"3da3539\" data-element_type=\"widget\" data-e-type=\"widget\" data-widget_type=\"heading.default\">\n\t\t\t\t\t<p class=\"elementor-heading-title elementor-size-default\">Praktiskt<\/p>\t\t\t\t<\/div>\n\t\t\t\t<div class=\"elementor-element elementor-element-a2dede9 elementor-widget elementor-widget-heading\" data-id=\"a2dede9\" data-element_type=\"widget\" data-e-type=\"widget\" data-widget_type=\"heading.default\">\n\t\t\t\t\t<h1 class=\"elementor-heading-title elementor-size-default\">Info<\/h1>\t\t\t\t<\/div>\n\t\t\t\t<\/div>\n\t\t\t\t<\/div>\n\t\t<div class=\"elementor-element elementor-element-68c91ea e-flex e-con-full e-con e-parent\" data-id=\"68c91ea\" data-element_type=\"container\" data-e-type=\"container\" data-settings=\"{&quot;background_background&quot;:&quot;classic&quot;}\">\n\t\t\t\t\t\t\t<h2 \n\t\tdata-interaction-id=\"c6fac3f\" \n\t\tclass=\"about-heading e-heading-base\" \n\t\t \n\t\tdata-e-type=\"widget\" data-id=\"c6fac3f\"\n\t>\n\t\n\t\t\tPraktisk information\n\t\t<\/h2>\n\t\t\t\t\t\t\t<h3 \n\t\tdata-interaction-id=\"7c41b42\" \n\t\tclass=\"about-heading e-heading-base\" \n\t\t \n\t\tdata-e-type=\"widget\" data-id=\"7c41b42\"\n\t>\n\t\n\t\t\tFri entr\u00e9\n\t\t<\/h3>\n\t\t\t\t\t\t\t\t<p class=\"about-body e-paragraph-base\" data-interaction-id=\"f0313cd\"  data-e-type=\"widget\" data-id=\"f0313cd\">\n\t\t\t\t\t\t\t\tP\u00e5 Elinorspelen kommer du in gratis.\n\t\t\t\t\t<\/p>\n\t\t\t\t\t\t\t<h3 \n\t\tdata-interaction-id=\"53acb28\" \n\t\tclass=\"about-heading e-heading-base\" \n\t\t \n\t\tdata-e-type=\"widget\" data-id=\"53acb28\"\n\t>\n\t\n\t\t\tCamping\n\t\t<\/h3>\n\t\t\t\t\t\t\t\t<p class=\"about-body e-paragraph-base\" data-interaction-id=\"f6be040\"  data-e-type=\"widget\" data-id=\"f6be040\">\n\t\t\t\t\t\t\t\tCamping kommer finnas p\u00e5 omr\u00e5det. P\u00e5 sj\u00e4lva campingen finns inte toalett, dusch, vatten eller el. Men p\u00e5 festivalomr\u00e5det som campingen \u00e4r en del av finns mulltoaletter, vatten och viss m\u00f6jlighet till elanslutning f\u00f6r att ladda mobiler och liknande.\n\t\t\t\t\t<\/p>\n\t\t\t\t\t\t\t\t<p class=\"about-body e-paragraph-base\" data-interaction-id=\"bfce06a\"  data-e-type=\"widget\" data-id=\"bfce06a\">\n\t\t\t\t\t\t\t\tVi vill g\u00e4rna att ni med husvagn h\u00f6r av er n\u00e5gra dagar innan. Skicka ett mail till info@elinorspelen.se\n\t\t\t\t\t<\/p>\n\t\t\t\t\t\t\t<h3 \n\t\tdata-interaction-id=\"48882a2\" \n\t\tclass=\"about-heading e-heading-base\" \n\t\t \n\t\tdata-e-type=\"widget\" data-id=\"48882a2\"\n\t>\n\t\n\t\t\tKiosk\n\t\t<\/h3>\n\t\t\t\t\t\t\t\t<p class=\"about-body e-paragraph-base\" data-interaction-id=\"c3f632d\"  data-e-type=\"widget\" data-id=\"c3f632d\">\n\t\t\t\t\t\t\t\tVi kommer ha en kiosk med god mat och dricka.\n\t\t\t\t\t<\/p>\n\t\t\t\t\t\t\t<h3 \n\t\tdata-interaction-id=\"92c2af1\" \n\t\tclass=\"about-heading e-heading-base\" \n\t\t \n\t\tdata-e-type=\"widget\" data-id=\"92c2af1\"\n\t>\n\t\n\t\t\t\u00c5ldersgr\u00e4ns\n\t\t<\/h3>\n\t\t\t\t\t\t\t\t<p class=\"about-body e-paragraph-base\" data-interaction-id=\"8d71524\"  data-e-type=\"widget\" data-id=\"8d71524\">\n\t\t\t\t\t\t\t\tElinorspelen har ingen \u00e5ldersgr\u00e4ns. Alla \u00e5ldrar \u00e4r v\u00e4lkomna.\n\t\t\t\t\t<\/p>\n\t\t\t\t\t\t\t<h3 \n\t\tdata-interaction-id=\"d42d372\" \n\t\tclass=\"about-heading e-heading-base\" \n\t\t \n\t\tdata-e-type=\"widget\" data-id=\"d42d372\"\n\t>\n\t\n\t\t\tFunktion\u00e4rer\n\t\t<\/h3>\n\t\t\t\t\t\t\t\t<p class=\"about-body e-paragraph-base\" data-interaction-id=\"b825dd9\"  data-e-type=\"widget\" data-id=\"b825dd9\">\n\t\t\t\t\t\t\t\tVi funktion\u00e4rer kan hj\u00e4lpa dig med det mesta. Om du undrar \u00f6ver n\u00e5got under kv\u00e4llen \u00e4r det bara att fr\u00e5ga.\n\t\t\t\t\t<\/p>\n\t\t\t\t\t\t\t<h3 \n\t\tdata-interaction-id=\"b7f09d7\" \n\t\tclass=\"about-heading e-heading-base\" \n\t\t \n\t\tdata-e-type=\"widget\" data-id=\"b7f09d7\"\n\t>\n\t\n\t\t\tK\u00e4llsortering\n\t\t<\/h3>\n\t\t\t\t\t\t\t\t<p class=\"about-body e-paragraph-base\" data-interaction-id=\"7796f71\"  data-e-type=\"widget\" data-id=\"7796f71\">\n\t\t\t\t\t\t\t\tUddevalla kommun har kommit l\u00e5ngt vad g\u00e4ller sopsortering och det \u00e4r vi tacksamma f\u00f6r. Sj\u00e4lvklart skall det utnyttjas. Vi kommer g\u00f6ra det enkelt att sortera skr\u00e4p p\u00e5 festivalen. En av f\u00e5 regler \u00e4r att nedskr\u00e4pning \u00e4r str\u00e4ngt f\u00f6rbjudet.\n\t\t\t\t\t<\/p>\n\t\t\t\t\t\t\t<h3 \n\t\tdata-interaction-id=\"07bda1b\" \n\t\tclass=\"about-heading e-heading-base\" \n\t\t \n\t\tdata-e-type=\"widget\" data-id=\"07bda1b\"\n\t>\n\t\n\t\t\tParkering\n\t\t<\/h3>\n\t\t\t\t\t\t\t\t<p class=\"about-body e-paragraph-base\" data-interaction-id=\"0e5b2b8\"  data-e-type=\"widget\" data-id=\"0e5b2b8\">\n\t\t\t\t\t\t\t\tParkering finns. Vi ber er att parkera p\u00e5 anvisad plats.\n\t\t\t\t\t<\/p>\n\t\t\t\t<\/div>\n\t\t\t\t<\/div>\n\t\t","protected":false},"excerpt":{"rendered":"<p>Praktiskt Info Praktisk information Fri entr\u00e9 P\u00e5 Elinorspelen kommer du in gratis. Camping Camping kommer finnas p\u00e5 omr\u00e5det. P\u00e5 sj\u00e4lva campingen finns&hellip;<\/p>\n","protected":false},"author":1,"featured_media":0,"parent":330,"menu_order":7,"comment_status":"closed","ping_status":"closed","template":"","meta":{"_acf_changed":false,"footnotes":""},"class_list":["post-339","page","type-page","status-publish","hentry"],"acf":[],"_links":{"self":[{"href":"https:\/\/elinorspelen.sharpmedia.se\/index.php?rest_route=\/wp\/v2\/pages\/339","targetHints":{"allow":["GET"]}}],"collection":[{"href":"https:\/\/elinorspelen.sharpmedia.se\/index.php?rest_route=\/wp\/v2\/pages"}],"about":[{"href":"https:\/\/elinorspelen.sharpmedia.se\/index.php?rest_route=\/wp\/v2\/types\/page"}],"author":[{"embeddable":true,"href":"https:\/\/elinorspelen.sharpmedia.se\/index.php?rest_route=\/wp\/v2\/users\/1"}],"replies":[{"embeddable":true,"href":"https:\/\/elinorspelen.sharpmedia.se\/index.php?rest_route=%2Fwp%2Fv2%2Fcomments&post=339"}],"version-history":[{"count":0,"href":"https:\/\/elinorspelen.sharpmedia.se\/index.php?rest_route=\/wp\/v2\/pages\/339\/revisions"}],"up":[{"embeddable":true,"href":"https:\/\/elinorspelen.sharpmedia.se\/index.php?rest_route=\/wp\/v2\/pages\/330"}],"wp:attachment":[{"href":"https:\/\/elinorspelen.sharpmedia.se\/index.php?rest_route=%2Fwp%2Fv2%2Fmedia&parent=339"}],"curies":[{"name":"wp","href":"https:\/\/api.w.org\/{rel}","templated":true}]}}