{"id":335,"date":"2026-05-14T23:17:33","date_gmt":"2026-05-14T21:17:33","guid":{"rendered":"https:\/\/elinorspelen.sharpmedia.se\/?page_id=335"},"modified":"2026-05-16T19:52:09","modified_gmt":"2026-05-16T17:52:09","slug":"beachvolleyboll","status":"publish","type":"page","link":"https:\/\/elinorspelen.sharpmedia.se\/?page_id=335","title":{"rendered":"Beachvolleyboll"},"content":{"rendered":"\t\t<div data-elementor-type=\"wp-page\" data-elementor-id=\"335\" class=\"elementor elementor-335\" data-elementor-post-type=\"page\">\n\t\t\t\t<div class=\"elementor-element elementor-element-7ebdbaa e-con-full e-flex e-con e-parent\" data-id=\"7ebdbaa\" data-element_type=\"container\" data-e-type=\"container\" data-settings=\"{&quot;background_background&quot;:&quot;classic&quot;}\">\n\t\t<div class=\"elementor-element elementor-element-7afb696 e-con-full e-flex e-con e-child\" data-id=\"7afb696\" data-element_type=\"container\" data-e-type=\"container\">\n\t\t\t\t<div class=\"elementor-element elementor-element-a15a98b elementor-widget elementor-widget-heading\" data-id=\"a15a98b\" data-element_type=\"widget\" data-e-type=\"widget\" data-widget_type=\"heading.default\">\n\t\t\t\t\t<p class=\"elementor-heading-title elementor-size-default\">Turnering<\/p>\t\t\t\t<\/div>\n\t\t\t\t<div class=\"elementor-element elementor-element-66651ee elementor-widget elementor-widget-heading\" data-id=\"66651ee\" data-element_type=\"widget\" data-e-type=\"widget\" data-widget_type=\"heading.default\">\n\t\t\t\t\t<h1 class=\"elementor-heading-title elementor-size-default\">Beachvolleyboll<\/h1>\t\t\t\t<\/div>\n\t\t\t\t<\/div>\n\t\t\t\t<\/div>\n\t\t<div class=\"elementor-element elementor-element-650d56f e-flex e-con-full e-con e-child\" data-id=\"650d56f\" data-element_type=\"container\" data-e-type=\"container\" data-settings=\"{&quot;background_background&quot;:&quot;classic&quot;}\">\n\t\t\t\t\t\t\t<h2 \n\t\tdata-interaction-id=\"c06e59b\" \n\t\tclass=\"about-heading e-heading-base\" \n\t\t \n\t\tdata-e-type=\"widget\" data-id=\"c06e59b\"\n\t>\n\t\n\t\t\tBeachvolleybollturnering\n\t\t<\/h2>\n\t\t\t\t\t\t\t<h3 \n\t\tdata-interaction-id=\"e879e3e\" \n\t\tclass=\"about-heading e-heading-base\" \n\t\t \n\t\tdata-e-type=\"widget\" data-id=\"e879e3e\"\n\t>\n\t\n\t\t\tTv\u00e5 till fyra spelare per lag\n\t\t<\/h3>\n\t\t\t\t\t\t\t\t<p class=\"about-body e-paragraph-base\" data-interaction-id=\"216d0d5\"  data-e-type=\"widget\" data-id=\"216d0d5\">\n\t\t\t\t\t\t\t\tEtt lag best\u00e5r av 2-4 spelare. Varje spelare f\u00e5r deltaga i max ett beachvolleybollag.\n\t\t\t\t\t<\/p>\n\t\t\t\t\t\t\t<h3 \n\t\tdata-interaction-id=\"dca60be\" \n\t\tclass=\"about-heading e-heading-base\" \n\t\t \n\t\tdata-e-type=\"widget\" data-id=\"dca60be\"\n\t>\n\t\n\t\t\tRoterande serve\n\t\t<\/h3>\n\t\t\t\t\t\t\t\t<p class=\"about-body e-paragraph-base\" data-interaction-id=\"ef974f3\"  data-e-type=\"widget\" data-id=\"ef974f3\">\n\t\t\t\t\t\t\t\tSpelarna skall turas om att sl\u00e5 serven. Serve byts inf\u00f6r varje serveomg\u00e5ng. Efter serven, n\u00e4r spelet \u00e4r ig\u00e5ng \u00e4r det okej att f\u00f6rflytta sig varhelst man vill p\u00e5 plan.\n\t\t\t\t\t<\/p>\n\t\t\t\t\t\t\t<h3 \n\t\tdata-interaction-id=\"8f7b87e\" \n\t\tclass=\"about-heading e-heading-base\" \n\t\t \n\t\tdata-e-type=\"widget\" data-id=\"8f7b87e\"\n\t>\n\t\n\t\t\tTillslag\n\t\t<\/h3>\n\t\t\t\t\t\t\t\t<p class=\"about-body e-paragraph-base\" data-interaction-id=\"3c2b91c\"  data-e-type=\"widget\" data-id=\"3c2b91c\">\n\t\t\t\t\t\t\t\tServe f\u00e5r inte blockas fram vid n\u00e4t. Man f\u00e5r passa n\u00e4tet men inte passa sig sj\u00e4lv eller sig sj\u00e4lv via n\u00e4tet.\n\t\t\t\t\t<\/p>\n\t\t\t\t\t\t\t<h3 \n\t\tdata-interaction-id=\"0b5b299\" \n\t\tclass=\"about-heading e-heading-base\" \n\t\t \n\t\tdata-e-type=\"widget\" data-id=\"0b5b299\"\n\t>\n\t\n\t\t\tMaximal matchtid\n\t\t<\/h3>\n\t\t\t\t\t\t\t\t<p class=\"about-body e-paragraph-base\" data-interaction-id=\"7566e0b\"  data-e-type=\"widget\" data-id=\"7566e0b\">\n\t\t\t\t\t\t\t\tF\u00f6r att h\u00e5lla schemat kommer vi ha en maxtid f\u00f6r matcher. Om matchen inte avslutats inom matchtiden vinner det lag som leder eller vid lika det lag som vinner f\u00f6ljande boll. Matchtiden best\u00e4ms n\u00e4r vi vet hur m\u00e5nga lag som kommer att delta.\n\t\t\t\t\t<\/p>\n\t\t\t\t\t\t\t<h3 \n\t\tdata-interaction-id=\"040e5e4\" \n\t\tclass=\"about-heading e-heading-base\" \n\t\t \n\t\tdata-e-type=\"widget\" data-id=\"040e5e4\"\n\t>\n\t\n\t\t\tGl\u00e4dje\n\t\t<\/h3>\n\t\t\t\t\t\t\t\t<p class=\"about-body e-paragraph-base\" data-interaction-id=\"bd230b5\"  data-e-type=\"widget\" data-id=\"bd230b5\">\n\t\t\t\t\t\t\t\tTanken med turneringarna \u00e4r framf\u00f6rallt att ha kul, vi f\u00f6ruts\u00e4tter fair play.\n\t\t\t\t\t<\/p>\n\t\t\t\t\t\t\t<h3 \n\t\tdata-interaction-id=\"f5cd479\" \n\t\tclass=\"about-heading e-heading-base\" \n\t\t \n\t\tdata-e-type=\"widget\" data-id=\"f5cd479\"\n\t>\n\t\n\t\t\tAnm\u00e4lan\n\t\t<\/h3>\n\t\t\t\t\t\t\t\t<p class=\"about-body e-paragraph-base\" data-interaction-id=\"6a5535d\"  data-e-type=\"widget\" data-id=\"6a5535d\">\n\t\t\t\t\t\t\t\tAnge lagnamn, att det g\u00e4ller beachvolleyboll och namn p\u00e5 alla spelare i anm\u00e4lan (spelarna kan \u00e4ndras fram tills speldagen). Anm\u00e4lan, senast 9:e aug (f\u00f6r att vara s\u00e4ker p\u00e5 en plats), och fr\u00e5gor skickas till info@elinorspelen.se\n\t\t\t\t\t<\/p>\n\t\t\t\t<\/div>\n\t\t\t\t<\/div>\n\t\t","protected":false},"excerpt":{"rendered":"<p>Turnering Beachvolleyboll Beachvolleybollturnering Tv\u00e5 till fyra spelare per lag Ett lag best\u00e5r av 2-4 spelare. Varje spelare f\u00e5r deltaga i max ett&hellip;<\/p>\n","protected":false},"author":1,"featured_media":0,"parent":330,"menu_order":3,"comment_status":"closed","ping_status":"closed","template":"","meta":{"_acf_changed":false,"footnotes":""},"class_list":["post-335","page","type-page","status-publish","hentry"],"acf":[],"_links":{"self":[{"href":"https:\/\/elinorspelen.sharpmedia.se\/index.php?rest_route=\/wp\/v2\/pages\/335","targetHints":{"allow":["GET"]}}],"collection":[{"href":"https:\/\/elinorspelen.sharpmedia.se\/index.php?rest_route=\/wp\/v2\/pages"}],"about":[{"href":"https:\/\/elinorspelen.sharpmedia.se\/index.php?rest_route=\/wp\/v2\/types\/page"}],"author":[{"embeddable":true,"href":"https:\/\/elinorspelen.sharpmedia.se\/index.php?rest_route=\/wp\/v2\/users\/1"}],"replies":[{"embeddable":true,"href":"https:\/\/elinorspelen.sharpmedia.se\/index.php?rest_route=%2Fwp%2Fv2%2Fcomments&post=335"}],"version-history":[{"count":0,"href":"https:\/\/elinorspelen.sharpmedia.se\/index.php?rest_route=\/wp\/v2\/pages\/335\/revisions"}],"up":[{"embeddable":true,"href":"https:\/\/elinorspelen.sharpmedia.se\/index.php?rest_route=\/wp\/v2\/pages\/330"}],"wp:attachment":[{"href":"https:\/\/elinorspelen.sharpmedia.se\/index.php?rest_route=%2Fwp%2Fv2%2Fmedia&parent=335"}],"curies":[{"name":"wp","href":"https:\/\/api.w.org\/{rel}","templated":true}]}}