{"id":334,"date":"2026-05-14T23:17:33","date_gmt":"2026-05-14T21:17:33","guid":{"rendered":"https:\/\/elinorspelen.sharpmedia.se\/?page_id=334"},"modified":"2026-05-16T19:52:09","modified_gmt":"2026-05-16T17:52:09","slug":"krocket","status":"publish","type":"page","link":"https:\/\/elinorspelen.sharpmedia.se\/?page_id=334","title":{"rendered":"Krocket"},"content":{"rendered":"\t\t<div data-elementor-type=\"wp-page\" data-elementor-id=\"334\" class=\"elementor elementor-334\" data-elementor-post-type=\"page\">\n\t\t\t\t<div class=\"elementor-element elementor-element-f12ab8c e-con-full e-flex e-con e-parent\" data-id=\"f12ab8c\" data-element_type=\"container\" data-e-type=\"container\" data-settings=\"{&quot;background_background&quot;:&quot;classic&quot;}\">\n\t\t<div class=\"elementor-element elementor-element-1410f4b e-con-full e-flex e-con e-child\" data-id=\"1410f4b\" data-element_type=\"container\" data-e-type=\"container\">\n\t\t\t\t<div class=\"elementor-element elementor-element-e0aa3cf elementor-widget elementor-widget-heading\" data-id=\"e0aa3cf\" data-element_type=\"widget\" data-e-type=\"widget\" data-widget_type=\"heading.default\">\n\t\t\t\t\t<p class=\"elementor-heading-title elementor-size-default\">Turnering<\/p>\t\t\t\t<\/div>\n\t\t\t\t<div class=\"elementor-element elementor-element-fe7ee99 elementor-widget elementor-widget-heading\" data-id=\"fe7ee99\" data-element_type=\"widget\" data-e-type=\"widget\" data-widget_type=\"heading.default\">\n\t\t\t\t\t<h1 class=\"elementor-heading-title elementor-size-default\">Krocket<\/h1>\t\t\t\t<\/div>\n\t\t\t\t<\/div>\n\t\t\t\t<\/div>\n\t\t<div class=\"elementor-element elementor-element-1980ba0 e-flex e-con-full e-con e-child\" data-id=\"1980ba0\" data-element_type=\"container\" data-e-type=\"container\" data-settings=\"{&quot;background_background&quot;:&quot;classic&quot;}\">\n\t\t\t\t\t\t\t<h2 \n\t\tdata-interaction-id=\"30cbef9\" \n\t\tclass=\"about-heading e-heading-base\" \n\t\t \n\t\tdata-e-type=\"widget\" data-id=\"30cbef9\"\n\t>\n\t\n\t\t\tBohusl\u00e4nska m\u00e4sterskapen i Krocket\n\t\t<\/h2>\n\t\t\t\t\t\t\t\t<p class=\"about-body e-paragraph-base\" data-interaction-id=\"1e761fd\"  data-e-type=\"widget\" data-id=\"1e761fd\">\n\t\t\t\t\t\t\t\tLottad startordning f\u00f6r dem som inte \u00e4r seedade. Hinner man inte komma till t\u00e4vlingens start, s\u00e5 kan man hoppa in senare (men f\u00e5r d\u00e5 starta en klubbl\u00e4ngd bakom den som ligger sist).\n\t\t\t\t\t<\/p>\n\t\t\t\t\t\t\t\t<p class=\"about-body e-paragraph-base\" data-interaction-id=\"5bf82f9\"  data-e-type=\"widget\" data-id=\"5bf82f9\">\n\t\t\t\t\t\t\t\tVill man ta en paus i spelet g\u00e5r detta bra, men \u00f6vriga spelar p\u00e5 som vanligt. Vinner g\u00f6r den som kommer f\u00f6rst i m\u00e5l, eller ligger f\u00f6rst vid turneringens sluttid.\n\t\t\t\t\t<\/p>\n\t\t\t\t\t\t\t\t<p class=\"about-body e-paragraph-base\" data-interaction-id=\"b6a06ad\"  data-e-type=\"widget\" data-id=\"b6a06ad\">\n\t\t\t\t\t\t\t\tVid tvist ang\u00e5ende regler och dylikt, har domaren vetor\u00e4tt.\n\t\t\t\t\t<\/p>\n\t\t\t\t\t\t\t\t<p class=\"about-body e-paragraph-base\" data-interaction-id=\"545b7ba\"  data-e-type=\"widget\" data-id=\"545b7ba\">\n\t\t\t\t\t\t\t\tOm man krockat ett motst\u00e5ndarklot, s\u00e5 f\u00e5r man inte krocka det igen... f\u00f6rr\u00e4n man har g\u00e5tt igenom n\u00e4sta b\u00e5ge!\n\t\t\t\t\t<\/p>\n\t\t\t\t\t\t\t\t<p class=\"about-body e-paragraph-base\" data-interaction-id=\"dda3794\"  data-e-type=\"widget\" data-id=\"dda3794\">\n\t\t\t\t\t\t\t\tHela klotet m\u00e5ste g\u00e5 genom b\u00e5gen (man f\u00e5r d\u00e5 ett extra slag). N\u00e4r man har tr\u00e4ffat ett klot l\u00e4gger man sitt eget klot intill och sl\u00e5r p\u00e5 det ena klotet s\u00e5 att motst\u00e5ndarklotet r\u00f6r sig. Eller v\u00e4ljer ett extra slag.\n\t\t\t\t\t<\/p>\n\t\t\t\t<\/div>\n\t\t\t\t<\/div>\n\t\t","protected":false},"excerpt":{"rendered":"<p>Turnering Krocket Bohusl\u00e4nska m\u00e4sterskapen i Krocket Lottad startordning f\u00f6r dem som inte \u00e4r seedade. Hinner man inte komma till t\u00e4vlingens start, s\u00e5&hellip;<\/p>\n","protected":false},"author":1,"featured_media":0,"parent":330,"menu_order":2,"comment_status":"closed","ping_status":"closed","template":"","meta":{"_acf_changed":false,"footnotes":""},"class_list":["post-334","page","type-page","status-publish","hentry"],"acf":[],"_links":{"self":[{"href":"https:\/\/elinorspelen.sharpmedia.se\/index.php?rest_route=\/wp\/v2\/pages\/334","targetHints":{"allow":["GET"]}}],"collection":[{"href":"https:\/\/elinorspelen.sharpmedia.se\/index.php?rest_route=\/wp\/v2\/pages"}],"about":[{"href":"https:\/\/elinorspelen.sharpmedia.se\/index.php?rest_route=\/wp\/v2\/types\/page"}],"author":[{"embeddable":true,"href":"https:\/\/elinorspelen.sharpmedia.se\/index.php?rest_route=\/wp\/v2\/users\/1"}],"replies":[{"embeddable":true,"href":"https:\/\/elinorspelen.sharpmedia.se\/index.php?rest_route=%2Fwp%2Fv2%2Fcomments&post=334"}],"version-history":[{"count":0,"href":"https:\/\/elinorspelen.sharpmedia.se\/index.php?rest_route=\/wp\/v2\/pages\/334\/revisions"}],"up":[{"embeddable":true,"href":"https:\/\/elinorspelen.sharpmedia.se\/index.php?rest_route=\/wp\/v2\/pages\/330"}],"wp:attachment":[{"href":"https:\/\/elinorspelen.sharpmedia.se\/index.php?rest_route=%2Fwp%2Fv2%2Fmedia&parent=334"}],"curies":[{"name":"wp","href":"https:\/\/api.w.org\/{rel}","templated":true}]}}