{"id":332,"date":"2026-05-14T23:17:33","date_gmt":"2026-05-14T21:17:33","guid":{"rendered":"https:\/\/elinorspelen.sharpmedia.se\/?page_id=332"},"modified":"2026-05-16T20:01:37","modified_gmt":"2026-05-16T18:01:37","slug":"hitta-hit","status":"publish","type":"page","link":"https:\/\/elinorspelen.sharpmedia.se\/?page_id=332","title":{"rendered":"Hitta hit"},"content":{"rendered":"\t\t<div data-elementor-type=\"wp-page\" data-elementor-id=\"332\" class=\"elementor elementor-332\" data-elementor-post-type=\"page\">\n\t\t\t\t<div class=\"elementor-element elementor-element-fd787e4 e-con-full e-flex e-con e-parent\" data-id=\"fd787e4\" data-element_type=\"container\" data-e-type=\"container\" data-settings=\"{&quot;background_background&quot;:&quot;classic&quot;}\">\n\t\t<div class=\"elementor-element elementor-element-abbd8cd e-con-full e-flex e-con e-child\" data-id=\"abbd8cd\" data-element_type=\"container\" data-e-type=\"container\">\n\t\t\t\t<div class=\"elementor-element elementor-element-c55cfa3 elementor-widget elementor-widget-heading\" data-id=\"c55cfa3\" data-element_type=\"widget\" data-e-type=\"widget\" data-widget_type=\"heading.default\">\n\t\t\t\t\t<p class=\"elementor-heading-title elementor-size-default\">Bes\u00f6k oss<\/p>\t\t\t\t<\/div>\n\t\t\t\t<div class=\"elementor-element elementor-element-26ac405 elementor-widget elementor-widget-heading\" data-id=\"26ac405\" data-element_type=\"widget\" data-e-type=\"widget\" data-widget_type=\"heading.default\">\n\t\t\t\t\t<h1 class=\"elementor-heading-title elementor-size-default\">Hitta hit<\/h1>\t\t\t\t<\/div>\n\t\t\t\t<\/div>\n\t\t\t\t<\/div>\n\t\t<div class=\"elementor-element elementor-element-a444dea e-flex e-con-full e-con e-parent\" data-id=\"a444dea\" data-element_type=\"container\" data-e-type=\"container\" data-settings=\"{&quot;background_background&quot;:&quot;classic&quot;}\">\n\t\t\t\t\t\t\t<h2 \n\t\tdata-interaction-id=\"010e384\" \n\t\tclass=\"about-heading e-heading-base\" \n\t\t \n\t\tdata-e-type=\"widget\" data-id=\"010e384\"\n\t>\n\t\n\t\t\tSk\u00e4lebacken\n\t\t<\/h2>\n\t\t\t\t<div class=\"elementor-element elementor-element-2c6864d elementor-widget elementor-widget-text-editor\" data-id=\"2c6864d\" data-element_type=\"widget\" data-e-type=\"widget\" data-widget_type=\"text-editor.default\">\n\t\t\t\t\t\t\t\t\t<p>Elinorspelen h\u00e5lls p\u00e5 Sk\u00e4lebacken p\u00e5 Boken\u00e4set, v\u00e4ster om Uddevalla. H\u00e4r nedan hittar du det snabbaste s\u00e4ttet att planera bilresa, kollektivtrafik och sista biten fram till festivalomr\u00e5det.<\/p>\t\t\t\t\t\t\t\t<\/div>\n\t\t<div class=\"elementor-element elementor-element-f1277c4 e-flex e-con-full e-con e-child\" data-id=\"f1277c4\" data-element_type=\"container\" data-e-type=\"container\" data-settings=\"{&quot;background_background&quot;:&quot;classic&quot;}\">\n\t\t\t\t<div class=\"elementor-element elementor-element-7127c58 elementor-widget elementor-widget-text-editor\" data-id=\"7127c58\" data-element_type=\"widget\" data-e-type=\"widget\" data-widget_type=\"text-editor.default\">\n\t\t\t\t\t\t\t\t\t<p><strong>B\u00f6rja h\u00e4r<\/strong><\/p><h3>Adress och snabba v\u00e4gar<\/h3><p>Om du bara vill komma r\u00e4tt direkt \u00e4r det h\u00e4r du b\u00f6rjar. Adressen \u00e4r Sk\u00e4lebacken 134, 451 95 Uddevalla.<\/p>\t\t\t\t\t\t\t\t<\/div>\n\t\t<div class=\"elementor-element elementor-element-c31971a e-flex e-con-full e-con e-child\" data-id=\"c31971a\" data-element_type=\"container\" data-e-type=\"container\">\n\t\t\t\t<div class=\"elementor-element elementor-element-0b660a9 elementor-widget elementor-widget-button\" data-id=\"0b660a9\" data-element_type=\"widget\" data-e-type=\"widget\" data-widget_type=\"button.default\">\n\t\t\t\t\t\t\t\t\t\t<a class=\"elementor-button elementor-button-link elementor-size-md\" href=\"https:\/\/www.google.com\/maps\/search\/?api=1&#038;query=Sk%C3%A4lebacken%20134%2C%20451%2095%20Uddevalla\" target=\"_blank\">\n\t\t\t\t\t\t<span class=\"elementor-button-content-wrapper\">\n\t\t\t\t\t\t\t\t\t<span class=\"elementor-button-text\">\u00d6ppna i Google Maps<\/span>\n\t\t\t\t\t<\/span>\n\t\t\t\t\t<\/a>\n\t\t\t\t\t\t\t\t<\/div>\n\t\t\t\t<div class=\"elementor-element elementor-element-56dddc3 elementor-widget elementor-widget-button\" data-id=\"56dddc3\" data-element_type=\"widget\" data-e-type=\"widget\" data-widget_type=\"button.default\">\n\t\t\t\t\t\t\t\t\t\t<a class=\"elementor-button elementor-button-link elementor-size-md\" href=\"https:\/\/www.vasttrafik.se\/reseplanering\/\" target=\"_blank\">\n\t\t\t\t\t\t<span class=\"elementor-button-content-wrapper\">\n\t\t\t\t\t\t\t\t\t<span class=\"elementor-button-text\">S\u00f6k resa i V\u00e4sttrafik<\/span>\n\t\t\t\t\t<\/span>\n\t\t\t\t\t<\/a>\n\t\t\t\t\t\t\t\t<\/div>\n\t\t\t\t<\/div>\n\t\t\t\t<\/div>\n\t\t\t\t\t\t\t<h3 \n\t\tdata-interaction-id=\"b0bec1b\" \n\t\tclass=\"about-heading e-heading-base\" \n\t\t \n\t\tdata-e-type=\"widget\" data-id=\"b0bec1b\"\n\t>\n\t\n\t\t\tMed bil\n\t\t<\/h3>\n\t\t\t\t<div class=\"elementor-element elementor-element-c5e14c4 elementor-widget elementor-widget-text-editor\" data-id=\"c5e14c4\" data-element_type=\"widget\" data-e-type=\"widget\" data-widget_type=\"text-editor.default\">\n\t\t\t\t\t\t\t\t\t<p>Sk\u00e4lebacken ligger l\u00e4ngs v\u00e4g 161 mellan Uddevalla och Lysekil. Avtagsv\u00e4gen ligger 1,8 km v\u00e4ster om rondellen vid Rotviksbro och \u00e4r skyltad mot Sk\u00e4lebacken. Vid Rotviksbro finns lanthandel, pizzeria och automatstationer f\u00f6r bensin, diesel och E85.<\/p><p><strong>Adress:<\/strong> Sk\u00e4lebacken 134, 451 95 Uddevalla<\/p>\t\t\t\t\t\t\t\t<\/div>\n\t\t\t\t\t\t\t<h3 \n\t\tdata-interaction-id=\"d509375\" \n\t\tclass=\"about-heading e-heading-base\" \n\t\t \n\t\tdata-e-type=\"widget\" data-id=\"d509375\"\n\t>\n\t\n\t\t\tKommunalt\n\t\t<\/h3>\n\t\t\t\t<div class=\"elementor-element elementor-element-ba1715c elementor-widget elementor-widget-text-editor\" data-id=\"ba1715c\" data-element_type=\"widget\" data-e-type=\"widget\" data-widget_type=\"text-editor.default\">\n\t\t\t\t\t\t\t\t\t<p>Reser du kollektivt tar du enklast buss eller t\u00e5g till Uddevalla och sedan buss vidare mot h\u00e5llplatsen <strong>Granhogen, Uddevalla<\/strong>. D\u00e4rifr\u00e5n \u00e4r det ungef\u00e4r 700 meters promenad till festivalomr\u00e5det.<\/p><p>F\u00f6r aktuell avg\u00e5ngstid och hela resv\u00e4gen anv\u00e4nder du enklast V\u00e4sttrafiks reseplanerare.<\/p>\t\t\t\t\t\t\t\t<\/div>\n\t\t\t\t<div class=\"elementor-element elementor-element-f23561e elementor-widget elementor-widget-google_maps\" data-id=\"f23561e\" data-element_type=\"widget\" data-e-type=\"widget\" data-widget_type=\"google_maps.default\">\n\t\t\t\t\t\t\t<div class=\"elementor-custom-embed\">\n\t\t\t<iframe loading=\"lazy\"\n\t\t\t\t\tsrc=\"https:\/\/maps.google.com\/maps?q=Sk%C3%A4lebacken%20134%2C%20451%2095%20Uddevalla&#038;t=m&#038;z=12&#038;output=embed&#038;iwloc=near\"\n\t\t\t\t\ttitle=\"Sk\u00e4lebacken 134, 451 95 Uddevalla\"\n\t\t\t\t\taria-label=\"Sk\u00e4lebacken 134, 451 95 Uddevalla\"\n\t\t\t><\/iframe>\n\t\t<\/div>\n\t\t\t\t\t\t<\/div>\n\t\t\t\t<\/div>\n\t\t\t\t<\/div>\n\t\t","protected":false},"excerpt":{"rendered":"<p>Bes\u00f6k oss Hitta hit Sk\u00e4lebacken Elinorspelen h\u00e5lls p\u00e5 Sk\u00e4lebacken p\u00e5 Boken\u00e4set, v\u00e4ster om Uddevalla. H\u00e4r nedan hittar du det snabbaste s\u00e4ttet att&hellip;<\/p>\n","protected":false},"author":1,"featured_media":0,"parent":0,"menu_order":4,"comment_status":"closed","ping_status":"closed","template":"","meta":{"_acf_changed":false,"footnotes":""},"class_list":["post-332","page","type-page","status-publish","hentry"],"acf":[],"_links":{"self":[{"href":"https:\/\/elinorspelen.sharpmedia.se\/index.php?rest_route=\/wp\/v2\/pages\/332","targetHints":{"allow":["GET"]}}],"collection":[{"href":"https:\/\/elinorspelen.sharpmedia.se\/index.php?rest_route=\/wp\/v2\/pages"}],"about":[{"href":"https:\/\/elinorspelen.sharpmedia.se\/index.php?rest_route=\/wp\/v2\/types\/page"}],"author":[{"embeddable":true,"href":"https:\/\/elinorspelen.sharpmedia.se\/index.php?rest_route=\/wp\/v2\/users\/1"}],"replies":[{"embeddable":true,"href":"https:\/\/elinorspelen.sharpmedia.se\/index.php?rest_route=%2Fwp%2Fv2%2Fcomments&post=332"}],"version-history":[{"count":0,"href":"https:\/\/elinorspelen.sharpmedia.se\/index.php?rest_route=\/wp\/v2\/pages\/332\/revisions"}],"wp:attachment":[{"href":"https:\/\/elinorspelen.sharpmedia.se\/index.php?rest_route=%2Fwp%2Fv2%2Fmedia&parent=332"}],"curies":[{"name":"wp","href":"https:\/\/api.w.org\/{rel}","templated":true}]}}