{"id":331,"date":"2026-05-14T23:17:33","date_gmt":"2026-05-14T21:17:33","guid":{"rendered":"https:\/\/elinorspelen.sharpmedia.se\/?page_id=331"},"modified":"2026-05-16T19:57:48","modified_gmt":"2026-05-16T17:57:48","slug":"om-elinorspelen","status":"publish","type":"page","link":"https:\/\/elinorspelen.sharpmedia.se\/?page_id=331","title":{"rendered":"Om Elinorspelen"},"content":{"rendered":"\t\t<div data-elementor-type=\"wp-page\" data-elementor-id=\"331\" class=\"elementor elementor-331\" data-elementor-post-type=\"page\">\n\t\t\t\t<div class=\"elementor-element elementor-element-79ef1e7 e-con-full e-flex e-con e-parent\" data-id=\"79ef1e7\" data-element_type=\"container\" data-e-type=\"container\" data-settings=\"{&quot;background_background&quot;:&quot;classic&quot;}\">\n\t\t<div class=\"elementor-element elementor-element-d23d6bc e-con-full e-flex e-con e-child\" data-id=\"d23d6bc\" data-element_type=\"container\" data-e-type=\"container\">\n\t\t\t\t<div class=\"elementor-element elementor-element-b03bccf elementor-widget elementor-widget-heading\" data-id=\"b03bccf\" data-element_type=\"widget\" data-e-type=\"widget\" data-widget_type=\"heading.default\">\n\t\t\t\t\t<p class=\"elementor-heading-title elementor-size-default\">Om oss<\/p>\t\t\t\t<\/div>\n\t\t\t\t<div class=\"elementor-element elementor-element-a7af4ac elementor-widget elementor-widget-heading\" data-id=\"a7af4ac\" data-element_type=\"widget\" data-e-type=\"widget\" data-widget_type=\"heading.default\">\n\t\t\t\t\t<h1 class=\"elementor-heading-title elementor-size-default\">Om Elinorspelen<\/h1>\t\t\t\t<\/div>\n\t\t\t\t<\/div>\n\t\t\t\t<\/div>\n\t\t<div class=\"elementor-element elementor-element-fe40b9f e-flex e-con-boxed e-con e-parent\" data-id=\"fe40b9f\" data-element_type=\"container\" data-e-type=\"container\" data-settings=\"{&quot;background_background&quot;:&quot;classic&quot;}\">\n\t\t\t\t\t<div class=\"e-con-inner\">\n\t\t\t\t\t\t\t<h2 \n\t\tdata-interaction-id=\"fe4b20e\" \n\t\tclass=\"about-heading e-heading-base\" \n\t\t \n\t\tdata-e-type=\"widget\" data-id=\"fe4b20e\"\n\t>\n\t\n\t\t\tOm Elinorspelen\n\t\t<\/h2>\n\t\t\t\t<div class=\"elementor-element elementor-element-5cc2ab3 elementor-widget elementor-widget-text-editor\" data-id=\"5cc2ab3\" data-element_type=\"widget\" data-e-type=\"widget\" data-widget_type=\"text-editor.default\">\n\t\t\t\t\t\t\t\t\t<p>Elinorspelen \u00e4r en ideellt driven sommarfestival och kulturf\u00f6rening p\u00e5 Boken\u00e4set, byggd av m\u00e4nniskor som vill arrangera musik, turneringar och gemensamma upplevelser tillsammans.<\/p>\t\t\t\t\t\t\t\t<\/div>\n\t\t\t\t<div class=\"elementor-element elementor-element-4b9667b elementor-widget elementor-widget-text-editor\" data-id=\"4b9667b\" data-element_type=\"widget\" data-e-type=\"widget\" data-widget_type=\"text-editor.default\">\n\t\t\t\t\t\t\t\t\t<p>Det f\u00f6rsta arrangemanget h\u00f6lls i augusti 2009 som en ren konserthelg. Sedan dess har Elinorspelen vuxit till en \u00e5terkommande festival med b\u00e5de scenprogram och sidoarrangemang, men fortfarande med samma lokala driv och samma g\u00f6r-det-tillsammans-k\u00e4nsla.<\/p>\t\t\t\t\t\t\t\t<\/div>\n\t\t<div class=\"elementor-element elementor-element-576d390 e-flex e-con-full e-con e-child\" data-id=\"576d390\" data-element_type=\"container\" data-e-type=\"container\" data-settings=\"{&quot;background_background&quot;:&quot;classic&quot;}\">\n\t\t\t\t<div class=\"elementor-element elementor-element-8dfcc92 elementor-widget elementor-widget-text-editor\" data-id=\"8dfcc92\" data-element_type=\"widget\" data-e-type=\"widget\" data-widget_type=\"text-editor.default\">\n\t\t\t\t\t\t\t\t\t<p><strong>F\u00f6rdjupa dig<\/strong><\/p><h3>Historia, m\u00e4nniskor och s\u00e4tt att vara med<\/h3><p>H\u00e4rifr\u00e5n kan du g\u00e5 vidare till de artister som spelat, lagen som vunnit och medlemskapet i f\u00f6reningen.<\/p>\t\t\t\t\t\t\t\t<\/div>\n\t\t<div class=\"elementor-element elementor-element-2cb32db e-flex e-con-full e-con e-child\" data-id=\"2cb32db\" data-element_type=\"container\" data-e-type=\"container\">\n\t\t\t\t<div class=\"elementor-element elementor-element-88fa285 elementor-widget elementor-widget-button\" data-id=\"88fa285\" data-element_type=\"widget\" data-e-type=\"widget\" data-widget_type=\"button.default\">\n\t\t\t\t\t\t\t\t\t\t<a class=\"elementor-button elementor-button-link elementor-size-md\" href=\"https:\/\/elinorspelen.sharpmedia.se\/om-elinorspelen\/artister-som-spelat\/\">\n\t\t\t\t\t\t<span class=\"elementor-button-content-wrapper\">\n\t\t\t\t\t\t\t\t\t<span class=\"elementor-button-text\">Artister som spelat<\/span>\n\t\t\t\t\t<\/span>\n\t\t\t\t\t<\/a>\n\t\t\t\t\t\t\t\t<\/div>\n\t\t\t\t<div class=\"elementor-element elementor-element-4e53b41 elementor-widget elementor-widget-button\" data-id=\"4e53b41\" data-element_type=\"widget\" data-e-type=\"widget\" data-widget_type=\"button.default\">\n\t\t\t\t\t\t\t\t\t\t<a class=\"elementor-button elementor-button-link elementor-size-md\" href=\"https:\/\/elinorspelen.sharpmedia.se\/om-elinorspelen\/lag-som-vunnit\/\">\n\t\t\t\t\t\t<span class=\"elementor-button-content-wrapper\">\n\t\t\t\t\t\t\t\t\t<span class=\"elementor-button-text\">Lag som vunnit<\/span>\n\t\t\t\t\t<\/span>\n\t\t\t\t\t<\/a>\n\t\t\t\t\t\t\t\t<\/div>\n\t\t\t\t<div class=\"elementor-element elementor-element-f4404a1 elementor-widget elementor-widget-button\" data-id=\"f4404a1\" data-element_type=\"widget\" data-e-type=\"widget\" data-widget_type=\"button.default\">\n\t\t\t\t\t\t\t\t\t\t<a class=\"elementor-button elementor-button-link elementor-size-md\" href=\"https:\/\/elinorspelen.sharpmedia.se\/om-elinorspelen\/bli-medlem\/\">\n\t\t\t\t\t\t<span class=\"elementor-button-content-wrapper\">\n\t\t\t\t\t\t\t\t\t<span class=\"elementor-button-text\">Bli medlem<\/span>\n\t\t\t\t\t<\/span>\n\t\t\t\t\t<\/a>\n\t\t\t\t\t\t\t\t<\/div>\n\t\t\t\t<\/div>\n\t\t\t\t<\/div>\n\t\t\t\t<div class=\"elementor-element elementor-element-43464be elementor-widget elementor-widget-text-editor\" data-id=\"43464be\" data-element_type=\"widget\" data-e-type=\"widget\" data-widget_type=\"text-editor.default\">\n\t\t\t\t\t\t\t\t\t<p>Namnet stavas med ett L: Elinorspelen. Det lilla detaljfelet dyker upp ofta, men vi h\u00e5ller fast vid originalet.<\/p>\t\t\t\t\t\t\t\t<\/div>\n\t\t\t\t\t\t\t<h3 \n\t\tdata-interaction-id=\"14161ca\" \n\t\tclass=\"about-heading e-heading-base\" \n\t\t \n\t\tdata-e-type=\"widget\" data-id=\"14161ca\"\n\t>\n\t\n\t\t\tBeskrivning\n\t\t<\/h3>\n\t\t\t\t<div class=\"elementor-element elementor-element-4baa937 elementor-widget elementor-widget-text-editor\" data-id=\"4baa937\" data-element_type=\"widget\" data-e-type=\"widget\" data-widget_type=\"text-editor.default\">\n\t\t\t\t\t\t\t\t\t<p>Genom \u00e5ren har vi haft stor geografisk spridning p\u00e5 banden som spelar. Fr\u00e5n G\u00e4vle i norr till Australien i s\u00f6der. Men basen f\u00f6r v\u00e5r verksamhet \u00e4r band fr\u00e5n v\u00e5rt n\u00e4romr\u00e5de. Elinorspelen har varit m\u00f6jligt tack vare gott sommarbete och ekonomiskt st\u00f6d. Det hade inte varit m\u00f6jligt utan goda grannar, v\u00e5rt leaderomr\u00e5de Terra at Mare, Uddevallas Kultur &#038; fritids st\u00f6d Giraff, Kultur Ungdom, Studiefr\u00e4mjandet och Svensk Live mfl.<\/p>\t\t\t\t\t\t\t\t<\/div>\n\t\t\t\t\t\t\t<h3 \n\t\tdata-interaction-id=\"451d922\" \n\t\tclass=\"about-heading e-heading-base\" \n\t\t \n\t\tdata-e-type=\"widget\" data-id=\"451d922\"\n\t>\n\t\n\t\t\tArrang\u00f6rer\n\t\t<\/h3>\n\t\t\t\t<div class=\"elementor-element elementor-element-86b94e6 elementor-widget elementor-widget-text-editor\" data-id=\"86b94e6\" data-element_type=\"widget\" data-e-type=\"widget\" data-widget_type=\"text-editor.default\">\n\t\t\t\t\t\t\t\t\t<p>Alla medlemmar i f\u00f6reningen arrangerar Elinorspelens arrangemang.<\/p>\t\t\t\t\t\t\t\t<\/div>\n\t\t\t\t\t\t\t<h3 \n\t\tdata-interaction-id=\"a3eb7bb\" \n\t\tclass=\"about-heading e-heading-base\" \n\t\t \n\t\tdata-e-type=\"widget\" data-id=\"a3eb7bb\"\n\t>\n\t\n\t\t\tKontakt\n\t\t<\/h3>\n\t\t\t\t<div class=\"elementor-element elementor-element-4d09bce elementor-widget elementor-widget-text-editor\" data-id=\"4d09bce\" data-element_type=\"widget\" data-e-type=\"widget\" data-widget_type=\"text-editor.default\">\n\t\t\t\t\t\t\t\t\t<p>B\u00e4sta s\u00e4ttet att komma i kontakt med Elinorspelen \u00e4r att mejla till info@elinorspelen.se.<\/p>\t\t\t\t\t\t\t\t<\/div>\n\t\t\t\t\t<\/div>\n\t\t\t\t<\/div>\n\t\t\t\t<\/div>\n\t\t","protected":false},"excerpt":{"rendered":"<p>Om oss Om Elinorspelen Om Elinorspelen Elinorspelen \u00e4r en ideellt driven sommarfestival och kulturf\u00f6rening p\u00e5 Boken\u00e4set, byggd av m\u00e4nniskor som vill arrangera&hellip;<\/p>\n","protected":false},"author":1,"featured_media":0,"parent":0,"menu_order":3,"comment_status":"closed","ping_status":"closed","template":"","meta":{"_acf_changed":false,"footnotes":""},"class_list":["post-331","page","type-page","status-publish","hentry"],"acf":[],"_links":{"self":[{"href":"https:\/\/elinorspelen.sharpmedia.se\/index.php?rest_route=\/wp\/v2\/pages\/331","targetHints":{"allow":["GET"]}}],"collection":[{"href":"https:\/\/elinorspelen.sharpmedia.se\/index.php?rest_route=\/wp\/v2\/pages"}],"about":[{"href":"https:\/\/elinorspelen.sharpmedia.se\/index.php?rest_route=\/wp\/v2\/types\/page"}],"author":[{"embeddable":true,"href":"https:\/\/elinorspelen.sharpmedia.se\/index.php?rest_route=\/wp\/v2\/users\/1"}],"replies":[{"embeddable":true,"href":"https:\/\/elinorspelen.sharpmedia.se\/index.php?rest_route=%2Fwp%2Fv2%2Fcomments&post=331"}],"version-history":[{"count":0,"href":"https:\/\/elinorspelen.sharpmedia.se\/index.php?rest_route=\/wp\/v2\/pages\/331\/revisions"}],"wp:attachment":[{"href":"https:\/\/elinorspelen.sharpmedia.se\/index.php?rest_route=%2Fwp%2Fv2%2Fmedia&parent=331"}],"curies":[{"name":"wp","href":"https:\/\/api.w.org\/{rel}","templated":true}]}}